{"id":9,"date":"2025-10-21T15:05:25","date_gmt":"2025-10-21T13:05:25","guid":{"rendered":"https:\/\/tblochberger.hak-digital.at\/?page_id=9"},"modified":"2025-12-09T13:58:25","modified_gmt":"2025-12-09T12:58:25","slug":"golf-startseite","status":"publish","type":"page","link":"https:\/\/tblochberger.hak-digital.at\/?page_id=9","title":{"rendered":"Golf-Startseite"},"content":{"rendered":"\n<p><strong>Willkommen auf unserer Golf-Website, deine Anlaufstelle rund um den Golfsport.<\/strong><br>Hier findest du alles, was du \u00fcber Golf wissen musst \u2013 von den bekanntesten Spielern \u00fcber die wichtigsten Turniere bis hin zu den verschiedenen Schl\u00e4gertypen.<\/p>\n\n\n\n<p>Ob du selbst spielst, neu anf\u00e4ngst oder einfach neugierig bist \u2013 diese Seite bietet dir einen schnellen \u00dcberblick \u00fcber die faszinierende Welt des Golfsports.<\/p>\n\n\n\n<h3 class=\"wp-block-heading\">Unsere Themen im \u00dcberblick<\/h3>\n\n\n\n<ul class=\"wp-block-list\">\n<li>Golfschl\u00e4ger erkl\u00e4rt \u2013 Welche Schl\u00e4ger gibt es, und wof\u00fcr benutzt man sie?<\/li>\n\n\n\n<li>Bekannte Golfspieler \u2013 Die gr\u00f6\u00dften Namen und ihre Erfolge.<\/li>\n\n\n\n<li>Wichtige Turniere \u2013 Von den Majors bis zum Ryder Cup.<\/li>\n\n\n\n<li>Punktesystem \u2013 Wie funktioniert eigentlich das Scoring im Golf?<\/li>\n<\/ul>\n\n\n\n<p><\/p>\n\n\n\n<figure class=\"wp-block-image size-full\"><img fetchpriority=\"high\" decoding=\"async\" width=\"1000\" height=\"667\" src=\"https:\/\/tblochberger.hak-digital.at\/wp-content\/uploads\/2025\/11\/image.png\" alt=\"\" class=\"wp-image-47\" srcset=\"https:\/\/tblochberger.hak-digital.at\/wp-content\/uploads\/2025\/11\/image.png 1000w, https:\/\/tblochberger.hak-digital.at\/wp-content\/uploads\/2025\/11\/image-300x200.png 300w, https:\/\/tblochberger.hak-digital.at\/wp-content\/uploads\/2025\/11\/image-768x512.png 768w\" sizes=\"(max-width: 1000px) 100vw, 1000px\" \/><\/figure>\n","protected":false},"excerpt":{"rendered":"<p>Willkommen auf unserer Golf-Website, deine Anlaufstelle rund um den Golfsport.Hier findest du alles, was du \u00fcber Golf wissen musst \u2013 von den bekanntesten Spielern \u00fcber die wichtigsten Turniere bis hin zu den verschiedenen Schl\u00e4gertypen. Ob du selbst spielst, neu anf\u00e4ngst oder einfach neugierig bist \u2013 diese Seite bietet dir einen schnellen \u00dcberblick \u00fcber die faszinierende [&hellip;]<\/p>\n","protected":false},"author":1,"featured_media":0,"parent":0,"menu_order":0,"comment_status":"closed","ping_status":"closed","template":"","meta":{"footnotes":""},"class_list":["post-9","page","type-page","status-publish","hentry"],"yoast_head":"<!-- This site is optimized with the Yoast SEO plugin v26.6 - https:\/\/yoast.com\/wordpress\/plugins\/seo\/ -->\n<title>Golf-Startseite - TB-Golf<\/title>\n<meta name=\"robots\" content=\"index, follow, max-snippet:-1, max-image-preview:large, max-video-preview:-1\" \/>\n<link rel=\"canonical\" href=\"https:\/\/tblochberger.hak-digital.at\/?page_id=9\" \/>\n<meta property=\"og:locale\" content=\"en_US\" \/>\n<meta property=\"og:type\" content=\"article\" \/>\n<meta property=\"og:title\" content=\"Golf-Startseite - TB-Golf\" \/>\n<meta property=\"og:description\" content=\"Willkommen auf unserer Golf-Website, deine Anlaufstelle rund um den Golfsport.Hier findest du alles, was du \u00fcber Golf wissen musst \u2013 von den bekanntesten Spielern \u00fcber die wichtigsten Turniere bis hin zu den verschiedenen Schl\u00e4gertypen. Ob du selbst spielst, neu anf\u00e4ngst oder einfach neugierig bist \u2013 diese Seite bietet dir einen schnellen \u00dcberblick \u00fcber die faszinierende [&hellip;]\" \/>\n<meta property=\"og:url\" content=\"https:\/\/tblochberger.hak-digital.at\/?page_id=9\" \/>\n<meta property=\"og:site_name\" content=\"TB-Golf\" \/>\n<meta property=\"article:modified_time\" content=\"2025-12-09T12:58:25+00:00\" \/>\n<meta property=\"og:image\" content=\"https:\/\/tblochberger.hak-digital.at\/wp-content\/uploads\/2025\/11\/image.png\" \/>\n\t<meta property=\"og:image:width\" content=\"1000\" \/>\n\t<meta property=\"og:image:height\" content=\"667\" \/>\n\t<meta property=\"og:image:type\" content=\"image\/png\" \/>\n<meta name=\"twitter:card\" content=\"summary_large_image\" \/>\n<meta name=\"twitter:label1\" content=\"Est. reading time\" \/>\n\t<meta name=\"twitter:data1\" content=\"1 minute\" \/>\n<script type=\"application\/ld+json\" class=\"yoast-schema-graph\">{\"@context\":\"https:\/\/schema.org\",\"@graph\":[{\"@type\":\"WebPage\",\"@id\":\"https:\/\/tblochberger.hak-digital.at\/?page_id=9\",\"url\":\"https:\/\/tblochberger.hak-digital.at\/?page_id=9\",\"name\":\"Golf-Startseite - TB-Golf\",\"isPartOf\":{\"@id\":\"https:\/\/tblochberger.hak-digital.at\/#website\"},\"primaryImageOfPage\":{\"@id\":\"https:\/\/tblochberger.hak-digital.at\/?page_id=9#primaryimage\"},\"image\":{\"@id\":\"https:\/\/tblochberger.hak-digital.at\/?page_id=9#primaryimage\"},\"thumbnailUrl\":\"https:\/\/tblochberger.hak-digital.at\/wp-content\/uploads\/2025\/11\/image.png\",\"datePublished\":\"2025-10-21T13:05:25+00:00\",\"dateModified\":\"2025-12-09T12:58:25+00:00\",\"breadcrumb\":{\"@id\":\"https:\/\/tblochberger.hak-digital.at\/?page_id=9#breadcrumb\"},\"inLanguage\":\"en-US\",\"potentialAction\":[{\"@type\":\"ReadAction\",\"target\":[\"https:\/\/tblochberger.hak-digital.at\/?page_id=9\"]}]},{\"@type\":\"ImageObject\",\"inLanguage\":\"en-US\",\"@id\":\"https:\/\/tblochberger.hak-digital.at\/?page_id=9#primaryimage\",\"url\":\"https:\/\/tblochberger.hak-digital.at\/wp-content\/uploads\/2025\/11\/image.png\",\"contentUrl\":\"https:\/\/tblochberger.hak-digital.at\/wp-content\/uploads\/2025\/11\/image.png\",\"width\":1000,\"height\":667},{\"@type\":\"BreadcrumbList\",\"@id\":\"https:\/\/tblochberger.hak-digital.at\/?page_id=9#breadcrumb\",\"itemListElement\":[{\"@type\":\"ListItem\",\"position\":1,\"name\":\"Startseite\",\"item\":\"https:\/\/tblochberger.hak-digital.at\/\"},{\"@type\":\"ListItem\",\"position\":2,\"name\":\"Golf-Startseite\"}]},{\"@type\":\"WebSite\",\"@id\":\"https:\/\/tblochberger.hak-digital.at\/#website\",\"url\":\"https:\/\/tblochberger.hak-digital.at\/\",\"name\":\"TB-Golf\",\"description\":\"\",\"potentialAction\":[{\"@type\":\"SearchAction\",\"target\":{\"@type\":\"EntryPoint\",\"urlTemplate\":\"https:\/\/tblochberger.hak-digital.at\/?s={search_term_string}\"},\"query-input\":{\"@type\":\"PropertyValueSpecification\",\"valueRequired\":true,\"valueName\":\"search_term_string\"}}],\"inLanguage\":\"en-US\"}]}<\/script>\n<!-- \/ Yoast SEO plugin. -->","yoast_head_json":{"title":"Golf-Startseite - TB-Golf","robots":{"index":"index","follow":"follow","max-snippet":"max-snippet:-1","max-image-preview":"max-image-preview:large","max-video-preview":"max-video-preview:-1"},"canonical":"https:\/\/tblochberger.hak-digital.at\/?page_id=9","og_locale":"en_US","og_type":"article","og_title":"Golf-Startseite - TB-Golf","og_description":"Willkommen auf unserer Golf-Website, deine Anlaufstelle rund um den Golfsport.Hier findest du alles, was du \u00fcber Golf wissen musst \u2013 von den bekanntesten Spielern \u00fcber die wichtigsten Turniere bis hin zu den verschiedenen Schl\u00e4gertypen. Ob du selbst spielst, neu anf\u00e4ngst oder einfach neugierig bist \u2013 diese Seite bietet dir einen schnellen \u00dcberblick \u00fcber die faszinierende [&hellip;]","og_url":"https:\/\/tblochberger.hak-digital.at\/?page_id=9","og_site_name":"TB-Golf","article_modified_time":"2025-12-09T12:58:25+00:00","og_image":[{"width":1000,"height":667,"url":"https:\/\/tblochberger.hak-digital.at\/wp-content\/uploads\/2025\/11\/image.png","type":"image\/png"}],"twitter_card":"summary_large_image","twitter_misc":{"Est. reading time":"1 minute"},"schema":{"@context":"https:\/\/schema.org","@graph":[{"@type":"WebPage","@id":"https:\/\/tblochberger.hak-digital.at\/?page_id=9","url":"https:\/\/tblochberger.hak-digital.at\/?page_id=9","name":"Golf-Startseite - TB-Golf","isPartOf":{"@id":"https:\/\/tblochberger.hak-digital.at\/#website"},"primaryImageOfPage":{"@id":"https:\/\/tblochberger.hak-digital.at\/?page_id=9#primaryimage"},"image":{"@id":"https:\/\/tblochberger.hak-digital.at\/?page_id=9#primaryimage"},"thumbnailUrl":"https:\/\/tblochberger.hak-digital.at\/wp-content\/uploads\/2025\/11\/image.png","datePublished":"2025-10-21T13:05:25+00:00","dateModified":"2025-12-09T12:58:25+00:00","breadcrumb":{"@id":"https:\/\/tblochberger.hak-digital.at\/?page_id=9#breadcrumb"},"inLanguage":"en-US","potentialAction":[{"@type":"ReadAction","target":["https:\/\/tblochberger.hak-digital.at\/?page_id=9"]}]},{"@type":"ImageObject","inLanguage":"en-US","@id":"https:\/\/tblochberger.hak-digital.at\/?page_id=9#primaryimage","url":"https:\/\/tblochberger.hak-digital.at\/wp-content\/uploads\/2025\/11\/image.png","contentUrl":"https:\/\/tblochberger.hak-digital.at\/wp-content\/uploads\/2025\/11\/image.png","width":1000,"height":667},{"@type":"BreadcrumbList","@id":"https:\/\/tblochberger.hak-digital.at\/?page_id=9#breadcrumb","itemListElement":[{"@type":"ListItem","position":1,"name":"Startseite","item":"https:\/\/tblochberger.hak-digital.at\/"},{"@type":"ListItem","position":2,"name":"Golf-Startseite"}]},{"@type":"WebSite","@id":"https:\/\/tblochberger.hak-digital.at\/#website","url":"https:\/\/tblochberger.hak-digital.at\/","name":"TB-Golf","description":"","potentialAction":[{"@type":"SearchAction","target":{"@type":"EntryPoint","urlTemplate":"https:\/\/tblochberger.hak-digital.at\/?s={search_term_string}"},"query-input":{"@type":"PropertyValueSpecification","valueRequired":true,"valueName":"search_term_string"}}],"inLanguage":"en-US"}]}},"_links":{"self":[{"href":"https:\/\/tblochberger.hak-digital.at\/index.php?rest_route=\/wp\/v2\/pages\/9","targetHints":{"allow":["GET"]}}],"collection":[{"href":"https:\/\/tblochberger.hak-digital.at\/index.php?rest_route=\/wp\/v2\/pages"}],"about":[{"href":"https:\/\/tblochberger.hak-digital.at\/index.php?rest_route=\/wp\/v2\/types\/page"}],"author":[{"embeddable":true,"href":"https:\/\/tblochberger.hak-digital.at\/index.php?rest_route=\/wp\/v2\/users\/1"}],"replies":[{"embeddable":true,"href":"https:\/\/tblochberger.hak-digital.at\/index.php?rest_route=%2Fwp%2Fv2%2Fcomments&post=9"}],"version-history":[{"count":5,"href":"https:\/\/tblochberger.hak-digital.at\/index.php?rest_route=\/wp\/v2\/pages\/9\/revisions"}],"predecessor-version":[{"id":54,"href":"https:\/\/tblochberger.hak-digital.at\/index.php?rest_route=\/wp\/v2\/pages\/9\/revisions\/54"}],"wp:attachment":[{"href":"https:\/\/tblochberger.hak-digital.at\/index.php?rest_route=%2Fwp%2Fv2%2Fmedia&parent=9"}],"curies":[{"name":"wp","href":"https:\/\/api.w.org\/{rel}","templated":true}]}}