{"id":39,"date":"2025-11-04T14:21:26","date_gmt":"2025-11-04T13:21:26","guid":{"rendered":"https:\/\/tblochberger.hak-digital.at\/?page_id=39"},"modified":"2025-11-04T14:21:34","modified_gmt":"2025-11-04T13:21:34","slug":"kontakt","status":"publish","type":"page","link":"https:\/\/tblochberger.hak-digital.at\/?page_id=39","title":{"rendered":"Kontakt"},"content":{"rendered":"\n<p><\/p>\n\n\n\n<p>Bei Fragen oder technischen Anliegen zur Website wenden Sie sich bitte an:<\/p>\n\n\n\n<p><strong>Tobias Blochberger<\/strong><br><em>Webadministrator der Sch\u00fcler-Website der BHAK Korneuburg<\/em><br>\ud83d\udce7 <strong>E-Mail:<\/strong> <a>tobias.blochberger@hak-korneuburg.at<\/a><\/p>\n\n\n\n<blockquote class=\"wp-block-quote is-layout-flow wp-block-quote-is-layout-flow\">\n<p>Diese Website wird im Rahmen des Unterrichts im Fach <em>IKT<\/em> der <em>BHAK Korneuburg<\/em> erstellt und dient ausschlie\u00dflich schulischen \u00dcbungszwecken.<br>Alle Anfragen werden ausschlie\u00dflich im Zusammenhang mit diesem Schulprojekt bearbeitet.<br>Eine Weitergabe personenbezogener Daten an Dritte findet nicht statt.<\/p>\n<\/blockquote>\n\n\n\n<p><\/p>\n","protected":false},"excerpt":{"rendered":"<p>Bei Fragen oder technischen Anliegen zur Website wenden Sie sich bitte an: Tobias BlochbergerWebadministrator der Sch\u00fcler-Website der BHAK Korneuburg\ud83d\udce7 E-Mail: tobias.blochberger@hak-korneuburg.at Diese Website wird im Rahmen des Unterrichts im Fach IKT der BHAK Korneuburg erstellt und dient ausschlie\u00dflich schulischen \u00dcbungszwecken.Alle Anfragen werden ausschlie\u00dflich im Zusammenhang mit diesem Schulprojekt bearbeitet.Eine Weitergabe personenbezogener Daten an Dritte findet [&hellip;]<\/p>\n","protected":false},"author":1,"featured_media":0,"parent":0,"menu_order":0,"comment_status":"closed","ping_status":"closed","template":"","meta":{"footnotes":""},"class_list":["post-39","page","type-page","status-publish","hentry"],"yoast_head":"<!-- This site is optimized with the Yoast SEO plugin v26.6 - https:\/\/yoast.com\/wordpress\/plugins\/seo\/ -->\n<title>Kontakt - TB-Golf<\/title>\n<meta name=\"robots\" content=\"index, follow, max-snippet:-1, max-image-preview:large, max-video-preview:-1\" \/>\n<link rel=\"canonical\" href=\"https:\/\/tblochberger.hak-digital.at\/?page_id=39\" \/>\n<meta property=\"og:locale\" content=\"en_US\" \/>\n<meta property=\"og:type\" content=\"article\" \/>\n<meta property=\"og:title\" content=\"Kontakt - TB-Golf\" \/>\n<meta property=\"og:description\" content=\"Bei Fragen oder technischen Anliegen zur Website wenden Sie sich bitte an: Tobias BlochbergerWebadministrator der Sch\u00fcler-Website der BHAK Korneuburg\ud83d\udce7 E-Mail: tobias.blochberger@hak-korneuburg.at Diese Website wird im Rahmen des Unterrichts im Fach IKT der BHAK Korneuburg erstellt und dient ausschlie\u00dflich schulischen \u00dcbungszwecken.Alle Anfragen werden ausschlie\u00dflich im Zusammenhang mit diesem Schulprojekt bearbeitet.Eine Weitergabe personenbezogener Daten an Dritte findet [&hellip;]\" \/>\n<meta property=\"og:url\" content=\"https:\/\/tblochberger.hak-digital.at\/?page_id=39\" \/>\n<meta property=\"og:site_name\" content=\"TB-Golf\" \/>\n<meta property=\"article:modified_time\" content=\"2025-11-04T13:21:34+00:00\" \/>\n<meta name=\"twitter:card\" content=\"summary_large_image\" \/>\n<meta name=\"twitter:label1\" content=\"Est. reading time\" \/>\n\t<meta name=\"twitter:data1\" content=\"1 minute\" \/>\n<script type=\"application\/ld+json\" class=\"yoast-schema-graph\">{\"@context\":\"https:\/\/schema.org\",\"@graph\":[{\"@type\":\"WebPage\",\"@id\":\"https:\/\/tblochberger.hak-digital.at\/?page_id=39\",\"url\":\"https:\/\/tblochberger.hak-digital.at\/?page_id=39\",\"name\":\"Kontakt - TB-Golf\",\"isPartOf\":{\"@id\":\"https:\/\/tblochberger.hak-digital.at\/#website\"},\"datePublished\":\"2025-11-04T13:21:26+00:00\",\"dateModified\":\"2025-11-04T13:21:34+00:00\",\"breadcrumb\":{\"@id\":\"https:\/\/tblochberger.hak-digital.at\/?page_id=39#breadcrumb\"},\"inLanguage\":\"en-US\",\"potentialAction\":[{\"@type\":\"ReadAction\",\"target\":[\"https:\/\/tblochberger.hak-digital.at\/?page_id=39\"]}]},{\"@type\":\"BreadcrumbList\",\"@id\":\"https:\/\/tblochberger.hak-digital.at\/?page_id=39#breadcrumb\",\"itemListElement\":[{\"@type\":\"ListItem\",\"position\":1,\"name\":\"Startseite\",\"item\":\"https:\/\/tblochberger.hak-digital.at\/\"},{\"@type\":\"ListItem\",\"position\":2,\"name\":\"Kontakt\"}]},{\"@type\":\"WebSite\",\"@id\":\"https:\/\/tblochberger.hak-digital.at\/#website\",\"url\":\"https:\/\/tblochberger.hak-digital.at\/\",\"name\":\"TB-Golf\",\"description\":\"\",\"potentialAction\":[{\"@type\":\"SearchAction\",\"target\":{\"@type\":\"EntryPoint\",\"urlTemplate\":\"https:\/\/tblochberger.hak-digital.at\/?s={search_term_string}\"},\"query-input\":{\"@type\":\"PropertyValueSpecification\",\"valueRequired\":true,\"valueName\":\"search_term_string\"}}],\"inLanguage\":\"en-US\"}]}<\/script>\n<!-- \/ Yoast SEO plugin. -->","yoast_head_json":{"title":"Kontakt - TB-Golf","robots":{"index":"index","follow":"follow","max-snippet":"max-snippet:-1","max-image-preview":"max-image-preview:large","max-video-preview":"max-video-preview:-1"},"canonical":"https:\/\/tblochberger.hak-digital.at\/?page_id=39","og_locale":"en_US","og_type":"article","og_title":"Kontakt - TB-Golf","og_description":"Bei Fragen oder technischen Anliegen zur Website wenden Sie sich bitte an: Tobias BlochbergerWebadministrator der Sch\u00fcler-Website der BHAK Korneuburg\ud83d\udce7 E-Mail: tobias.blochberger@hak-korneuburg.at Diese Website wird im Rahmen des Unterrichts im Fach IKT der BHAK Korneuburg erstellt und dient ausschlie\u00dflich schulischen \u00dcbungszwecken.Alle Anfragen werden ausschlie\u00dflich im Zusammenhang mit diesem Schulprojekt bearbeitet.Eine Weitergabe personenbezogener Daten an Dritte findet [&hellip;]","og_url":"https:\/\/tblochberger.hak-digital.at\/?page_id=39","og_site_name":"TB-Golf","article_modified_time":"2025-11-04T13:21:34+00:00","twitter_card":"summary_large_image","twitter_misc":{"Est. reading time":"1 minute"},"schema":{"@context":"https:\/\/schema.org","@graph":[{"@type":"WebPage","@id":"https:\/\/tblochberger.hak-digital.at\/?page_id=39","url":"https:\/\/tblochberger.hak-digital.at\/?page_id=39","name":"Kontakt - TB-Golf","isPartOf":{"@id":"https:\/\/tblochberger.hak-digital.at\/#website"},"datePublished":"2025-11-04T13:21:26+00:00","dateModified":"2025-11-04T13:21:34+00:00","breadcrumb":{"@id":"https:\/\/tblochberger.hak-digital.at\/?page_id=39#breadcrumb"},"inLanguage":"en-US","potentialAction":[{"@type":"ReadAction","target":["https:\/\/tblochberger.hak-digital.at\/?page_id=39"]}]},{"@type":"BreadcrumbList","@id":"https:\/\/tblochberger.hak-digital.at\/?page_id=39#breadcrumb","itemListElement":[{"@type":"ListItem","position":1,"name":"Startseite","item":"https:\/\/tblochberger.hak-digital.at\/"},{"@type":"ListItem","position":2,"name":"Kontakt"}]},{"@type":"WebSite","@id":"https:\/\/tblochberger.hak-digital.at\/#website","url":"https:\/\/tblochberger.hak-digital.at\/","name":"TB-Golf","description":"","potentialAction":[{"@type":"SearchAction","target":{"@type":"EntryPoint","urlTemplate":"https:\/\/tblochberger.hak-digital.at\/?s={search_term_string}"},"query-input":{"@type":"PropertyValueSpecification","valueRequired":true,"valueName":"search_term_string"}}],"inLanguage":"en-US"}]}},"_links":{"self":[{"href":"https:\/\/tblochberger.hak-digital.at\/index.php?rest_route=\/wp\/v2\/pages\/39","targetHints":{"allow":["GET"]}}],"collection":[{"href":"https:\/\/tblochberger.hak-digital.at\/index.php?rest_route=\/wp\/v2\/pages"}],"about":[{"href":"https:\/\/tblochberger.hak-digital.at\/index.php?rest_route=\/wp\/v2\/types\/page"}],"author":[{"embeddable":true,"href":"https:\/\/tblochberger.hak-digital.at\/index.php?rest_route=\/wp\/v2\/users\/1"}],"replies":[{"embeddable":true,"href":"https:\/\/tblochberger.hak-digital.at\/index.php?rest_route=%2Fwp%2Fv2%2Fcomments&post=39"}],"version-history":[{"count":1,"href":"https:\/\/tblochberger.hak-digital.at\/index.php?rest_route=\/wp\/v2\/pages\/39\/revisions"}],"predecessor-version":[{"id":40,"href":"https:\/\/tblochberger.hak-digital.at\/index.php?rest_route=\/wp\/v2\/pages\/39\/revisions\/40"}],"wp:attachment":[{"href":"https:\/\/tblochberger.hak-digital.at\/index.php?rest_route=%2Fwp%2Fv2%2Fmedia&parent=39"}],"curies":[{"name":"wp","href":"https:\/\/api.w.org\/{rel}","templated":true}]}}