{"id":26,"date":"2025-10-21T15:08:22","date_gmt":"2025-10-21T13:08:22","guid":{"rendered":"https:\/\/tblochberger.hak-digital.at\/?page_id=26"},"modified":"2025-12-16T14:43:45","modified_gmt":"2025-12-16T13:43:45","slug":"turniere","status":"publish","type":"page","link":"https:\/\/tblochberger.hak-digital.at\/?page_id=26","title":{"rendered":"Turniere"},"content":{"rendered":"\n<h2 class=\"wp-block-heading\">Wichtige Turniere und Punktesystem<\/h2>\n\n\n\n<h3 class=\"wp-block-heading\">Die vier gro\u00dfen Major-Turniere (Herren)<\/h3>\n\n\n\n<ol class=\"wp-block-list\">\n<li>The Masters (USA) \u2013 Augusta National Golf Club<\/li>\n\n\n\n<li>US Open (USA) \u2013 j\u00e4hrlich wechselnde Austragungsorte<\/li>\n\n\n\n<li>The Open Championship (Gro\u00dfbritannien) \u2013 das \u00e4lteste Golfturnier der Welt<\/li>\n\n\n\n<li>PGA Championship (USA)<\/li>\n<\/ol>\n\n\n\n<p>Bei den Damen gibt es ebenfalls mehrere Majors, unter anderem die ANA Inspiration und die Women\u2019s British Open.<\/p>\n\n\n\n<h3 class=\"wp-block-heading\">Das Punktesystem im Golf<\/h3>\n\n\n\n<p>Im Golf z\u00e4hlt man nicht Punkte, sondern Schl\u00e4ge \u2013 das Ziel ist also, m\u00f6glichst wenige Schl\u00e4ge zu ben\u00f6tigen.<\/p>\n\n\n\n<ul class=\"wp-block-list\">\n<li><strong>Par:<\/strong> Die Soll-Schlagzahl f\u00fcr ein Loch (z. B. Par 4 = 4 Schl\u00e4ge erwartet)<\/li>\n\n\n\n<li><strong>Birdie:<\/strong> Ein Schlag weniger als Par<\/li>\n\n\n\n<li><strong>Eagle:<\/strong> Zwei Schl\u00e4ge weniger als Par<\/li>\n\n\n\n<li><strong>Bogey:<\/strong> Ein Schlag mehr als Par<\/li>\n<\/ul>\n\n\n\n<p>Bei Turnieren (z. B. Stroke Play) gewinnt der Spieler mit der niedrigsten Gesamtschlagzahl.<br>Im Match Play wird Loch f\u00fcr Loch gespielt \u2013 wer ein Loch in weniger Schl\u00e4gen absolviert, gewinnt es.<\/p>\n","protected":false},"excerpt":{"rendered":"<p>Wichtige Turniere und Punktesystem Die vier gro\u00dfen Major-Turniere (Herren) Bei den Damen gibt es ebenfalls mehrere Majors, unter anderem die ANA Inspiration und die Women\u2019s British Open. Das Punktesystem im Golf Im Golf z\u00e4hlt man nicht Punkte, sondern Schl\u00e4ge \u2013 das Ziel ist also, m\u00f6glichst wenige Schl\u00e4ge zu ben\u00f6tigen. Bei Turnieren (z. B. Stroke Play) [&hellip;]<\/p>\n","protected":false},"author":1,"featured_media":0,"parent":0,"menu_order":0,"comment_status":"closed","ping_status":"closed","template":"","meta":{"footnotes":""},"class_list":["post-26","page","type-page","status-publish","hentry"],"yoast_head":"<!-- This site is optimized with the Yoast SEO plugin v26.6 - https:\/\/yoast.com\/wordpress\/plugins\/seo\/ -->\n<title>Turniere - TB-Golf<\/title>\n<meta name=\"robots\" content=\"index, follow, max-snippet:-1, max-image-preview:large, max-video-preview:-1\" \/>\n<link rel=\"canonical\" href=\"https:\/\/tblochberger.hak-digital.at\/?page_id=26\" \/>\n<meta property=\"og:locale\" content=\"en_US\" \/>\n<meta property=\"og:type\" content=\"article\" \/>\n<meta property=\"og:title\" content=\"Turniere - TB-Golf\" \/>\n<meta property=\"og:description\" content=\"Wichtige Turniere und Punktesystem Die vier gro\u00dfen Major-Turniere (Herren) Bei den Damen gibt es ebenfalls mehrere Majors, unter anderem die ANA Inspiration und die Women\u2019s British Open. Das Punktesystem im Golf Im Golf z\u00e4hlt man nicht Punkte, sondern Schl\u00e4ge \u2013 das Ziel ist also, m\u00f6glichst wenige Schl\u00e4ge zu ben\u00f6tigen. Bei Turnieren (z. B. Stroke Play) [&hellip;]\" \/>\n<meta property=\"og:url\" content=\"https:\/\/tblochberger.hak-digital.at\/?page_id=26\" \/>\n<meta property=\"og:site_name\" content=\"TB-Golf\" \/>\n<meta property=\"article:modified_time\" content=\"2025-12-16T13:43:45+00:00\" \/>\n<meta name=\"twitter:card\" content=\"summary_large_image\" \/>\n<meta name=\"twitter:label1\" content=\"Est. reading time\" \/>\n\t<meta name=\"twitter:data1\" content=\"1 minute\" \/>\n<script type=\"application\/ld+json\" class=\"yoast-schema-graph\">{\"@context\":\"https:\/\/schema.org\",\"@graph\":[{\"@type\":\"WebPage\",\"@id\":\"https:\/\/tblochberger.hak-digital.at\/?page_id=26\",\"url\":\"https:\/\/tblochberger.hak-digital.at\/?page_id=26\",\"name\":\"Turniere - TB-Golf\",\"isPartOf\":{\"@id\":\"https:\/\/tblochberger.hak-digital.at\/#website\"},\"datePublished\":\"2025-10-21T13:08:22+00:00\",\"dateModified\":\"2025-12-16T13:43:45+00:00\",\"breadcrumb\":{\"@id\":\"https:\/\/tblochberger.hak-digital.at\/?page_id=26#breadcrumb\"},\"inLanguage\":\"en-US\",\"potentialAction\":[{\"@type\":\"ReadAction\",\"target\":[\"https:\/\/tblochberger.hak-digital.at\/?page_id=26\"]}]},{\"@type\":\"BreadcrumbList\",\"@id\":\"https:\/\/tblochberger.hak-digital.at\/?page_id=26#breadcrumb\",\"itemListElement\":[{\"@type\":\"ListItem\",\"position\":1,\"name\":\"Startseite\",\"item\":\"https:\/\/tblochberger.hak-digital.at\/\"},{\"@type\":\"ListItem\",\"position\":2,\"name\":\"Turniere\"}]},{\"@type\":\"WebSite\",\"@id\":\"https:\/\/tblochberger.hak-digital.at\/#website\",\"url\":\"https:\/\/tblochberger.hak-digital.at\/\",\"name\":\"TB-Golf\",\"description\":\"\",\"potentialAction\":[{\"@type\":\"SearchAction\",\"target\":{\"@type\":\"EntryPoint\",\"urlTemplate\":\"https:\/\/tblochberger.hak-digital.at\/?s={search_term_string}\"},\"query-input\":{\"@type\":\"PropertyValueSpecification\",\"valueRequired\":true,\"valueName\":\"search_term_string\"}}],\"inLanguage\":\"en-US\"}]}<\/script>\n<!-- \/ Yoast SEO plugin. -->","yoast_head_json":{"title":"Turniere - TB-Golf","robots":{"index":"index","follow":"follow","max-snippet":"max-snippet:-1","max-image-preview":"max-image-preview:large","max-video-preview":"max-video-preview:-1"},"canonical":"https:\/\/tblochberger.hak-digital.at\/?page_id=26","og_locale":"en_US","og_type":"article","og_title":"Turniere - TB-Golf","og_description":"Wichtige Turniere und Punktesystem Die vier gro\u00dfen Major-Turniere (Herren) Bei den Damen gibt es ebenfalls mehrere Majors, unter anderem die ANA Inspiration und die Women\u2019s British Open. Das Punktesystem im Golf Im Golf z\u00e4hlt man nicht Punkte, sondern Schl\u00e4ge \u2013 das Ziel ist also, m\u00f6glichst wenige Schl\u00e4ge zu ben\u00f6tigen. Bei Turnieren (z. B. Stroke Play) [&hellip;]","og_url":"https:\/\/tblochberger.hak-digital.at\/?page_id=26","og_site_name":"TB-Golf","article_modified_time":"2025-12-16T13:43:45+00:00","twitter_card":"summary_large_image","twitter_misc":{"Est. reading time":"1 minute"},"schema":{"@context":"https:\/\/schema.org","@graph":[{"@type":"WebPage","@id":"https:\/\/tblochberger.hak-digital.at\/?page_id=26","url":"https:\/\/tblochberger.hak-digital.at\/?page_id=26","name":"Turniere - TB-Golf","isPartOf":{"@id":"https:\/\/tblochberger.hak-digital.at\/#website"},"datePublished":"2025-10-21T13:08:22+00:00","dateModified":"2025-12-16T13:43:45+00:00","breadcrumb":{"@id":"https:\/\/tblochberger.hak-digital.at\/?page_id=26#breadcrumb"},"inLanguage":"en-US","potentialAction":[{"@type":"ReadAction","target":["https:\/\/tblochberger.hak-digital.at\/?page_id=26"]}]},{"@type":"BreadcrumbList","@id":"https:\/\/tblochberger.hak-digital.at\/?page_id=26#breadcrumb","itemListElement":[{"@type":"ListItem","position":1,"name":"Startseite","item":"https:\/\/tblochberger.hak-digital.at\/"},{"@type":"ListItem","position":2,"name":"Turniere"}]},{"@type":"WebSite","@id":"https:\/\/tblochberger.hak-digital.at\/#website","url":"https:\/\/tblochberger.hak-digital.at\/","name":"TB-Golf","description":"","potentialAction":[{"@type":"SearchAction","target":{"@type":"EntryPoint","urlTemplate":"https:\/\/tblochberger.hak-digital.at\/?s={search_term_string}"},"query-input":{"@type":"PropertyValueSpecification","valueRequired":true,"valueName":"search_term_string"}}],"inLanguage":"en-US"}]}},"_links":{"self":[{"href":"https:\/\/tblochberger.hak-digital.at\/index.php?rest_route=\/wp\/v2\/pages\/26","targetHints":{"allow":["GET"]}}],"collection":[{"href":"https:\/\/tblochberger.hak-digital.at\/index.php?rest_route=\/wp\/v2\/pages"}],"about":[{"href":"https:\/\/tblochberger.hak-digital.at\/index.php?rest_route=\/wp\/v2\/types\/page"}],"author":[{"embeddable":true,"href":"https:\/\/tblochberger.hak-digital.at\/index.php?rest_route=\/wp\/v2\/users\/1"}],"replies":[{"embeddable":true,"href":"https:\/\/tblochberger.hak-digital.at\/index.php?rest_route=%2Fwp%2Fv2%2Fcomments&post=26"}],"version-history":[{"count":3,"href":"https:\/\/tblochberger.hak-digital.at\/index.php?rest_route=\/wp\/v2\/pages\/26\/revisions"}],"predecessor-version":[{"id":87,"href":"https:\/\/tblochberger.hak-digital.at\/index.php?rest_route=\/wp\/v2\/pages\/26\/revisions\/87"}],"wp:attachment":[{"href":"https:\/\/tblochberger.hak-digital.at\/index.php?rest_route=%2Fwp%2Fv2%2Fmedia&parent=26"}],"curies":[{"name":"wp","href":"https:\/\/api.w.org\/{rel}","templated":true}]}}