{"id":24,"date":"2025-10-21T15:04:10","date_gmt":"2025-10-21T13:04:10","guid":{"rendered":"https:\/\/tblochberger.hak-digital.at\/?page_id=24"},"modified":"2025-12-16T14:00:53","modified_gmt":"2025-12-16T13:00:53","slug":"bekannte-spieler","status":"publish","type":"page","link":"https:\/\/tblochberger.hak-digital.at\/?page_id=24","title":{"rendered":"Bekannte Spieler"},"content":{"rendered":"\t\t<div data-elementor-type=\"wp-page\" data-elementor-id=\"24\" class=\"elementor elementor-24\">\n\t\t\t\t<div class=\"elementor-element elementor-element-5189ae43 e-flex e-con-boxed e-con e-parent\" data-id=\"5189ae43\" data-element_type=\"container\">\n\t\t\t\t\t<div class=\"e-con-inner\">\n\t\t\t\t<div class=\"elementor-element elementor-element-7e561694 elementor-widget elementor-widget-text-editor\" data-id=\"7e561694\" data-element_type=\"widget\" data-widget_type=\"text-editor.default\">\n\t\t\t\t\t\t\t\t\t\n<p>\u00a0<\/p>\n\n<p>Der ber\u00fchmteste Golfspieler ist mit Abstand Tiger Woods und ist f\u00fcr viele die Ikone warum man mit Golf angefangen hat, inklusive mir.<\/p>\n\n<h2 class=\"wp-block-heading\"><strong>Tiger Woods (USA)<\/strong><\/h2>\n\n<div class=\"wp-block-media-text is-stacked-on-mobile\" style=\"grid-template-columns: 30% auto;\">\n<figure class=\"wp-block-media-text__media\"><img fetchpriority=\"high\" decoding=\"async\" width=\"675\" height=\"1024\" class=\"wp-image-58 size-full\" src=\"https:\/\/tblochberger.hak-digital.at\/wp-content\/uploads\/2025\/12\/Tiger_Woods_2018-675x1024.jpg\" alt=\"\" srcset=\"https:\/\/tblochberger.hak-digital.at\/wp-content\/uploads\/2025\/12\/Tiger_Woods_2018-675x1024.jpg 675w, https:\/\/tblochberger.hak-digital.at\/wp-content\/uploads\/2025\/12\/Tiger_Woods_2018-198x300.jpg 198w, https:\/\/tblochberger.hak-digital.at\/wp-content\/uploads\/2025\/12\/Tiger_Woods_2018-768x1165.jpg 768w, https:\/\/tblochberger.hak-digital.at\/wp-content\/uploads\/2025\/12\/Tiger_Woods_2018-1013x1536.jpg 1013w, https:\/\/tblochberger.hak-digital.at\/wp-content\/uploads\/2025\/12\/Tiger_Woods_2018-1350x2048.jpg 1350w, https:\/\/tblochberger.hak-digital.at\/wp-content\/uploads\/2025\/12\/Tiger_Woods_2018.jpg 1477w\" sizes=\"(max-width: 675px) 100vw, 675px\" \/><\/figure>\n<div class=\"wp-block-media-text__content\">\n<p>\u00a0<\/p>\n\n<div class=\"wp-block-group is-nowrap is-layout-flex wp-container-core-group-is-layout-6c531013 wp-block-group-is-layout-flex\">\n<ul class=\"wp-block-list\">\n<li><strong>Geboren:<\/strong> 30. Dezember 1975, Cypress (Kalifornien, USA)<\/li>\n\n<li><strong>Gr\u00f6\u00dfter Erfolg:<\/strong> 15 Major-Titel, darunter 5 Masters-Siege<\/li>\n\n<li><strong>Besonderheit:<\/strong> Einer der erfolgreichsten und bekanntesten Golfspieler aller Zeiten. Revolutionierte den Golfsport durch Fitness, Mentalst\u00e4rke und Ehrgeiz.<\/li>\n<\/ul>\n\n<p>\u00a0<\/p>\n<\/div>\n<\/div>\n<\/div>\n\n<p>\u00a0<\/p>\n\n<p><strong>Weiter bekannte Namen in der Golf-Szene sind unteranderem:<\/strong><\/p>\n\n<h2 class=\"wp-block-heading has-text-align-right\"><strong>Rory McIlroy (Nordirland)<\/strong><\/h2>\n\n<div class=\"wp-block-media-text has-media-on-the-right is-stacked-on-mobile\" style=\"grid-template-columns: auto 25%;\">\n<div class=\"wp-block-media-text__content\">\n<p><strong>Geboren:<\/strong> 4. Mai 1989, Holywood (Nordirland)<\/p>\n\n<p><strong>Gr\u00f6\u00dfter Erfolg:<\/strong> 4 Major-Titel, darunter US Open 2011<\/p>\n\n<p><strong>Besonderheit:<\/strong> Bekannt f\u00fcr seine kraftvollen Drives und pr\u00e4zises Eisen-Spiel.<\/p>\n<\/div>\n<figure class=\"wp-block-media-text__media\"><img decoding=\"async\" width=\"600\" height=\"917\" class=\"wp-image-60 size-full\" src=\"https:\/\/tblochberger.hak-digital.at\/wp-content\/uploads\/2025\/12\/Rory_McIlroy_finishes_long_iron_stroke.jpg\" alt=\"\" srcset=\"https:\/\/tblochberger.hak-digital.at\/wp-content\/uploads\/2025\/12\/Rory_McIlroy_finishes_long_iron_stroke.jpg 600w, https:\/\/tblochberger.hak-digital.at\/wp-content\/uploads\/2025\/12\/Rory_McIlroy_finishes_long_iron_stroke-196x300.jpg 196w\" sizes=\"(max-width: 600px) 100vw, 600px\" \/><\/figure>\n<\/div>\n\n<h3 class=\"wp-block-heading\">Annika S\u00f6renstam (Schweden)<\/h3>\n\n<div class=\"wp-block-media-text is-stacked-on-mobile is-vertically-aligned-center is-style-default\">\n<figure class=\"wp-block-media-text__media\"><img decoding=\"async\" width=\"1024\" height=\"738\" class=\"wp-image-62 size-full\" src=\"https:\/\/tblochberger.hak-digital.at\/wp-content\/uploads\/2025\/12\/licensed-image-1024x738.jpg\" alt=\"\" srcset=\"https:\/\/tblochberger.hak-digital.at\/wp-content\/uploads\/2025\/12\/licensed-image-1024x738.jpg 1024w, https:\/\/tblochberger.hak-digital.at\/wp-content\/uploads\/2025\/12\/licensed-image-300x216.jpg 300w, https:\/\/tblochberger.hak-digital.at\/wp-content\/uploads\/2025\/12\/licensed-image-768x554.jpg 768w, https:\/\/tblochberger.hak-digital.at\/wp-content\/uploads\/2025\/12\/licensed-image-1536x1107.jpg 1536w, https:\/\/tblochberger.hak-digital.at\/wp-content\/uploads\/2025\/12\/licensed-image.jpg 2048w\" sizes=\"(max-width: 1024px) 100vw, 1024px\" \/><\/figure>\n<div class=\"wp-block-media-text__content\">\n<p><strong>Geboren:<\/strong> 9. Oktober 1970, Stockholm (Schweden)<\/p>\n\n<p><strong>Gr\u00f6\u00dfter Erfolg:<\/strong>10 Major-Titel in der LPGA. Insgesamt 72 Turniersiege auf der LPGA Tour<\/p>\n\n<p><strong>Besonderheit:<\/strong> Die bekannteste Golfspieler zurzeit. Erste Frau, die in einem offiziellen Profi-Turnier eine Runde mit 59 Schl\u00e4gen spielte (2001).<\/p>\n<\/div>\n<\/div>\n\n<p>\u00a0<\/p>\n\n<h3 class=\"wp-block-heading has-text-align-right\">Jon Rahm (Spanien)<\/h3>\n\n<div class=\"wp-block-media-text has-media-on-the-right is-stacked-on-mobile\">\n<div class=\"wp-block-media-text__content\">\n<p><strong>Geboren:<\/strong> 10. November 1994, Barrika (Spanien)<\/p>\n\n<p><strong>Gr\u00f6\u00dfter Erfolg:<\/strong> Sieg beim Masters 2023<\/p>\n\n<p><strong>Besonderheit:<\/strong> Einer der konstantesten Spieler der letzten Jahre, stark im kurzen Spiel und mit enormer mentaler St\u00e4rke.<\/p>\n<\/div>\n<figure class=\"wp-block-media-text__media\"><img loading=\"lazy\" decoding=\"async\" width=\"600\" height=\"400\" class=\"wp-image-63 size-full\" src=\"https:\/\/tblochberger.hak-digital.at\/wp-content\/uploads\/2025\/12\/merlin_189626496_e77b6382-8ef4-4396-838c-4637c9aaa1b5-articleLarge.webp\" alt=\"\" srcset=\"https:\/\/tblochberger.hak-digital.at\/wp-content\/uploads\/2025\/12\/merlin_189626496_e77b6382-8ef4-4396-838c-4637c9aaa1b5-articleLarge.webp 600w, https:\/\/tblochberger.hak-digital.at\/wp-content\/uploads\/2025\/12\/merlin_189626496_e77b6382-8ef4-4396-838c-4637c9aaa1b5-articleLarge-300x200.webp 300w\" sizes=\"(max-width: 600px) 100vw, 600px\" \/><\/figure>\n<\/div>\n\n<p>\u00a0<\/p>\n\t\t\t\t\t\t\t\t<\/div>\n\t\t\t\t\t<\/div>\n\t\t\t\t<\/div>\n\t\t<div class=\"elementor-element elementor-element-ba8d1a9 e-flex e-con-boxed e-con e-parent\" data-id=\"ba8d1a9\" data-element_type=\"container\">\n\t\t\t\t\t<div class=\"e-con-inner\">\n\t\t\t\t<div class=\"elementor-element elementor-element-a9e0fbf elementor-widget elementor-widget-rating\" data-id=\"a9e0fbf\" data-element_type=\"widget\" data-widget_type=\"rating.default\">\n\t\t\t\t\t\t\t<div class=\"e-rating\" itemtype=\"https:\/\/schema.org\/Rating\" itemscope=\"\" itemprop=\"reviewRating\">\n\t\t\t<meta itemprop=\"worstRating\" content=\"0\">\n\t\t\t<meta itemprop=\"bestRating\" content=\"5\">\n\t\t\t<div class=\"e-rating-wrapper\" itemprop=\"ratingValue\" content=\"5\" role=\"img\" aria-label=\"Rated 5 out of 5\">\n\t\t\t\t\t\t\t<div class=\"e-icon\">\n\t\t\t\t<div class=\"e-icon-wrapper e-icon-marked\">\n\t\t\t\t\t<svg aria-hidden=\"true\" class=\"e-font-icon-svg e-eicon-star\" viewBox=\"0 0 1000 1000\" xmlns=\"http:\/\/www.w3.org\/2000\/svg\"><path d=\"M450 75L338 312 88 350C46 354 25 417 58 450L238 633 196 896C188 942 238 975 275 954L500 837 725 954C767 975 813 942 804 896L763 633 942 450C975 417 954 358 913 350L663 312 550 75C529 33 471 33 450 75Z\"><\/path><\/svg>\t\t\t\t<\/div>\n\t\t\t\t<div class=\"e-icon-wrapper e-icon-unmarked\">\n\t\t\t\t\t<svg aria-hidden=\"true\" class=\"e-font-icon-svg e-eicon-star\" viewBox=\"0 0 1000 1000\" xmlns=\"http:\/\/www.w3.org\/2000\/svg\"><path d=\"M450 75L338 312 88 350C46 354 25 417 58 450L238 633 196 896C188 942 238 975 275 954L500 837 725 954C767 975 813 942 804 896L763 633 942 450C975 417 954 358 913 350L663 312 550 75C529 33 471 33 450 75Z\"><\/path><\/svg>\t\t\t\t<\/div>\n\t\t\t<\/div>\n\t\t\t\t\t\t<div class=\"e-icon\">\n\t\t\t\t<div class=\"e-icon-wrapper e-icon-marked\">\n\t\t\t\t\t<svg aria-hidden=\"true\" class=\"e-font-icon-svg e-eicon-star\" viewBox=\"0 0 1000 1000\" xmlns=\"http:\/\/www.w3.org\/2000\/svg\"><path d=\"M450 75L338 312 88 350C46 354 25 417 58 450L238 633 196 896C188 942 238 975 275 954L500 837 725 954C767 975 813 942 804 896L763 633 942 450C975 417 954 358 913 350L663 312 550 75C529 33 471 33 450 75Z\"><\/path><\/svg>\t\t\t\t<\/div>\n\t\t\t\t<div class=\"e-icon-wrapper e-icon-unmarked\">\n\t\t\t\t\t<svg aria-hidden=\"true\" class=\"e-font-icon-svg e-eicon-star\" viewBox=\"0 0 1000 1000\" xmlns=\"http:\/\/www.w3.org\/2000\/svg\"><path d=\"M450 75L338 312 88 350C46 354 25 417 58 450L238 633 196 896C188 942 238 975 275 954L500 837 725 954C767 975 813 942 804 896L763 633 942 450C975 417 954 358 913 350L663 312 550 75C529 33 471 33 450 75Z\"><\/path><\/svg>\t\t\t\t<\/div>\n\t\t\t<\/div>\n\t\t\t\t\t\t<div class=\"e-icon\">\n\t\t\t\t<div class=\"e-icon-wrapper e-icon-marked\">\n\t\t\t\t\t<svg aria-hidden=\"true\" class=\"e-font-icon-svg e-eicon-star\" viewBox=\"0 0 1000 1000\" xmlns=\"http:\/\/www.w3.org\/2000\/svg\"><path d=\"M450 75L338 312 88 350C46 354 25 417 58 450L238 633 196 896C188 942 238 975 275 954L500 837 725 954C767 975 813 942 804 896L763 633 942 450C975 417 954 358 913 350L663 312 550 75C529 33 471 33 450 75Z\"><\/path><\/svg>\t\t\t\t<\/div>\n\t\t\t\t<div class=\"e-icon-wrapper e-icon-unmarked\">\n\t\t\t\t\t<svg aria-hidden=\"true\" class=\"e-font-icon-svg e-eicon-star\" viewBox=\"0 0 1000 1000\" xmlns=\"http:\/\/www.w3.org\/2000\/svg\"><path d=\"M450 75L338 312 88 350C46 354 25 417 58 450L238 633 196 896C188 942 238 975 275 954L500 837 725 954C767 975 813 942 804 896L763 633 942 450C975 417 954 358 913 350L663 312 550 75C529 33 471 33 450 75Z\"><\/path><\/svg>\t\t\t\t<\/div>\n\t\t\t<\/div>\n\t\t\t\t\t\t<div class=\"e-icon\">\n\t\t\t\t<div class=\"e-icon-wrapper e-icon-marked\">\n\t\t\t\t\t<svg aria-hidden=\"true\" class=\"e-font-icon-svg e-eicon-star\" viewBox=\"0 0 1000 1000\" xmlns=\"http:\/\/www.w3.org\/2000\/svg\"><path d=\"M450 75L338 312 88 350C46 354 25 417 58 450L238 633 196 896C188 942 238 975 275 954L500 837 725 954C767 975 813 942 804 896L763 633 942 450C975 417 954 358 913 350L663 312 550 75C529 33 471 33 450 75Z\"><\/path><\/svg>\t\t\t\t<\/div>\n\t\t\t\t<div class=\"e-icon-wrapper e-icon-unmarked\">\n\t\t\t\t\t<svg aria-hidden=\"true\" class=\"e-font-icon-svg e-eicon-star\" viewBox=\"0 0 1000 1000\" xmlns=\"http:\/\/www.w3.org\/2000\/svg\"><path d=\"M450 75L338 312 88 350C46 354 25 417 58 450L238 633 196 896C188 942 238 975 275 954L500 837 725 954C767 975 813 942 804 896L763 633 942 450C975 417 954 358 913 350L663 312 550 75C529 33 471 33 450 75Z\"><\/path><\/svg>\t\t\t\t<\/div>\n\t\t\t<\/div>\n\t\t\t\t\t\t<div class=\"e-icon\">\n\t\t\t\t<div class=\"e-icon-wrapper e-icon-marked\">\n\t\t\t\t\t<svg aria-hidden=\"true\" class=\"e-font-icon-svg e-eicon-star\" viewBox=\"0 0 1000 1000\" xmlns=\"http:\/\/www.w3.org\/2000\/svg\"><path d=\"M450 75L338 312 88 350C46 354 25 417 58 450L238 633 196 896C188 942 238 975 275 954L500 837 725 954C767 975 813 942 804 896L763 633 942 450C975 417 954 358 913 350L663 312 550 75C529 33 471 33 450 75Z\"><\/path><\/svg>\t\t\t\t<\/div>\n\t\t\t\t<div class=\"e-icon-wrapper e-icon-unmarked\">\n\t\t\t\t\t<svg aria-hidden=\"true\" class=\"e-font-icon-svg e-eicon-star\" viewBox=\"0 0 1000 1000\" xmlns=\"http:\/\/www.w3.org\/2000\/svg\"><path d=\"M450 75L338 312 88 350C46 354 25 417 58 450L238 633 196 896C188 942 238 975 275 954L500 837 725 954C767 975 813 942 804 896L763 633 942 450C975 417 954 358 913 350L663 312 550 75C529 33 471 33 450 75Z\"><\/path><\/svg>\t\t\t\t<\/div>\n\t\t\t<\/div>\n\t\t\t\t\t\t<\/div>\n\t\t<\/div>\n\t\t\t\t\t\t<\/div>\n\t\t\t\t\t<\/div>\n\t\t\t\t<\/div>\n\t\t\t\t<\/div>\n\t\t","protected":false},"excerpt":{"rendered":"<p>\u00a0 Der ber\u00fchmteste Golfspieler ist mit Abstand Tiger Woods und ist f\u00fcr viele die Ikone warum man mit Golf angefangen hat, inklusive mir. Tiger Woods (USA) \u00a0 Weiter bekannte Namen in der Golf-Szene sind unteranderem: Rory McIlroy (Nordirland) Geboren: 4. Mai 1989, Holywood (Nordirland) Gr\u00f6\u00dfter Erfolg: 4 Major-Titel, darunter US Open 2011 Besonderheit: Bekannt f\u00fcr [&hellip;]<\/p>\n","protected":false},"author":1,"featured_media":0,"parent":0,"menu_order":0,"comment_status":"closed","ping_status":"closed","template":"","meta":{"footnotes":""},"class_list":["post-24","page","type-page","status-publish","hentry"],"yoast_head":"<!-- This site is optimized with the Yoast SEO plugin v26.6 - https:\/\/yoast.com\/wordpress\/plugins\/seo\/ -->\n<title>Bekannte Spieler - TB-Golf<\/title>\n<meta name=\"robots\" content=\"index, follow, max-snippet:-1, max-image-preview:large, max-video-preview:-1\" \/>\n<link rel=\"canonical\" href=\"https:\/\/tblochberger.hak-digital.at\/?page_id=24\" \/>\n<meta property=\"og:locale\" content=\"en_US\" \/>\n<meta property=\"og:type\" content=\"article\" \/>\n<meta property=\"og:title\" content=\"Bekannte Spieler - TB-Golf\" \/>\n<meta property=\"og:description\" content=\"\u00a0 Der ber\u00fchmteste Golfspieler ist mit Abstand Tiger Woods und ist f\u00fcr viele die Ikone warum man mit Golf angefangen hat, inklusive mir. Tiger Woods (USA) \u00a0 Weiter bekannte Namen in der Golf-Szene sind unteranderem: Rory McIlroy (Nordirland) Geboren: 4. Mai 1989, Holywood (Nordirland) Gr\u00f6\u00dfter Erfolg: 4 Major-Titel, darunter US Open 2011 Besonderheit: Bekannt f\u00fcr [&hellip;]\" \/>\n<meta property=\"og:url\" content=\"https:\/\/tblochberger.hak-digital.at\/?page_id=24\" \/>\n<meta property=\"og:site_name\" content=\"TB-Golf\" \/>\n<meta property=\"article:modified_time\" content=\"2025-12-16T13:00:53+00:00\" \/>\n<meta property=\"og:image\" content=\"https:\/\/tblochberger.hak-digital.at\/wp-content\/uploads\/2025\/12\/Tiger_Woods_2018.jpg\" \/>\n\t<meta property=\"og:image:width\" content=\"1477\" \/>\n\t<meta property=\"og:image:height\" content=\"2240\" \/>\n\t<meta property=\"og:image:type\" content=\"image\/jpeg\" \/>\n<meta name=\"twitter:card\" content=\"summary_large_image\" \/>\n<meta name=\"twitter:label1\" content=\"Est. reading time\" \/>\n\t<meta name=\"twitter:data1\" content=\"2 minutes\" \/>\n<script type=\"application\/ld+json\" class=\"yoast-schema-graph\">{\"@context\":\"https:\/\/schema.org\",\"@graph\":[{\"@type\":\"WebPage\",\"@id\":\"https:\/\/tblochberger.hak-digital.at\/?page_id=24\",\"url\":\"https:\/\/tblochberger.hak-digital.at\/?page_id=24\",\"name\":\"Bekannte Spieler - TB-Golf\",\"isPartOf\":{\"@id\":\"https:\/\/tblochberger.hak-digital.at\/#website\"},\"primaryImageOfPage\":{\"@id\":\"https:\/\/tblochberger.hak-digital.at\/?page_id=24#primaryimage\"},\"image\":{\"@id\":\"https:\/\/tblochberger.hak-digital.at\/?page_id=24#primaryimage\"},\"thumbnailUrl\":\"https:\/\/tblochberger.hak-digital.at\/wp-content\/uploads\/2025\/12\/Tiger_Woods_2018-675x1024.jpg\",\"datePublished\":\"2025-10-21T13:04:10+00:00\",\"dateModified\":\"2025-12-16T13:00:53+00:00\",\"breadcrumb\":{\"@id\":\"https:\/\/tblochberger.hak-digital.at\/?page_id=24#breadcrumb\"},\"inLanguage\":\"en-US\",\"potentialAction\":[{\"@type\":\"ReadAction\",\"target\":[\"https:\/\/tblochberger.hak-digital.at\/?page_id=24\"]}]},{\"@type\":\"ImageObject\",\"inLanguage\":\"en-US\",\"@id\":\"https:\/\/tblochberger.hak-digital.at\/?page_id=24#primaryimage\",\"url\":\"https:\/\/tblochberger.hak-digital.at\/wp-content\/uploads\/2025\/12\/Tiger_Woods_2018.jpg\",\"contentUrl\":\"https:\/\/tblochberger.hak-digital.at\/wp-content\/uploads\/2025\/12\/Tiger_Woods_2018.jpg\",\"width\":1477,\"height\":2240,\"caption\":\"Quicken Loans National 6\/27\/18\"},{\"@type\":\"BreadcrumbList\",\"@id\":\"https:\/\/tblochberger.hak-digital.at\/?page_id=24#breadcrumb\",\"itemListElement\":[{\"@type\":\"ListItem\",\"position\":1,\"name\":\"Startseite\",\"item\":\"https:\/\/tblochberger.hak-digital.at\/\"},{\"@type\":\"ListItem\",\"position\":2,\"name\":\"Bekannte Spieler\"}]},{\"@type\":\"WebSite\",\"@id\":\"https:\/\/tblochberger.hak-digital.at\/#website\",\"url\":\"https:\/\/tblochberger.hak-digital.at\/\",\"name\":\"TB-Golf\",\"description\":\"\",\"potentialAction\":[{\"@type\":\"SearchAction\",\"target\":{\"@type\":\"EntryPoint\",\"urlTemplate\":\"https:\/\/tblochberger.hak-digital.at\/?s={search_term_string}\"},\"query-input\":{\"@type\":\"PropertyValueSpecification\",\"valueRequired\":true,\"valueName\":\"search_term_string\"}}],\"inLanguage\":\"en-US\"}]}<\/script>\n<!-- \/ Yoast SEO plugin. -->","yoast_head_json":{"title":"Bekannte Spieler - TB-Golf","robots":{"index":"index","follow":"follow","max-snippet":"max-snippet:-1","max-image-preview":"max-image-preview:large","max-video-preview":"max-video-preview:-1"},"canonical":"https:\/\/tblochberger.hak-digital.at\/?page_id=24","og_locale":"en_US","og_type":"article","og_title":"Bekannte Spieler - TB-Golf","og_description":"\u00a0 Der ber\u00fchmteste Golfspieler ist mit Abstand Tiger Woods und ist f\u00fcr viele die Ikone warum man mit Golf angefangen hat, inklusive mir. Tiger Woods (USA) \u00a0 Weiter bekannte Namen in der Golf-Szene sind unteranderem: Rory McIlroy (Nordirland) Geboren: 4. Mai 1989, Holywood (Nordirland) Gr\u00f6\u00dfter Erfolg: 4 Major-Titel, darunter US Open 2011 Besonderheit: Bekannt f\u00fcr [&hellip;]","og_url":"https:\/\/tblochberger.hak-digital.at\/?page_id=24","og_site_name":"TB-Golf","article_modified_time":"2025-12-16T13:00:53+00:00","og_image":[{"width":1477,"height":2240,"url":"https:\/\/tblochberger.hak-digital.at\/wp-content\/uploads\/2025\/12\/Tiger_Woods_2018.jpg","type":"image\/jpeg"}],"twitter_card":"summary_large_image","twitter_misc":{"Est. reading time":"2 minutes"},"schema":{"@context":"https:\/\/schema.org","@graph":[{"@type":"WebPage","@id":"https:\/\/tblochberger.hak-digital.at\/?page_id=24","url":"https:\/\/tblochberger.hak-digital.at\/?page_id=24","name":"Bekannte Spieler - TB-Golf","isPartOf":{"@id":"https:\/\/tblochberger.hak-digital.at\/#website"},"primaryImageOfPage":{"@id":"https:\/\/tblochberger.hak-digital.at\/?page_id=24#primaryimage"},"image":{"@id":"https:\/\/tblochberger.hak-digital.at\/?page_id=24#primaryimage"},"thumbnailUrl":"https:\/\/tblochberger.hak-digital.at\/wp-content\/uploads\/2025\/12\/Tiger_Woods_2018-675x1024.jpg","datePublished":"2025-10-21T13:04:10+00:00","dateModified":"2025-12-16T13:00:53+00:00","breadcrumb":{"@id":"https:\/\/tblochberger.hak-digital.at\/?page_id=24#breadcrumb"},"inLanguage":"en-US","potentialAction":[{"@type":"ReadAction","target":["https:\/\/tblochberger.hak-digital.at\/?page_id=24"]}]},{"@type":"ImageObject","inLanguage":"en-US","@id":"https:\/\/tblochberger.hak-digital.at\/?page_id=24#primaryimage","url":"https:\/\/tblochberger.hak-digital.at\/wp-content\/uploads\/2025\/12\/Tiger_Woods_2018.jpg","contentUrl":"https:\/\/tblochberger.hak-digital.at\/wp-content\/uploads\/2025\/12\/Tiger_Woods_2018.jpg","width":1477,"height":2240,"caption":"Quicken Loans National 6\/27\/18"},{"@type":"BreadcrumbList","@id":"https:\/\/tblochberger.hak-digital.at\/?page_id=24#breadcrumb","itemListElement":[{"@type":"ListItem","position":1,"name":"Startseite","item":"https:\/\/tblochberger.hak-digital.at\/"},{"@type":"ListItem","position":2,"name":"Bekannte Spieler"}]},{"@type":"WebSite","@id":"https:\/\/tblochberger.hak-digital.at\/#website","url":"https:\/\/tblochberger.hak-digital.at\/","name":"TB-Golf","description":"","potentialAction":[{"@type":"SearchAction","target":{"@type":"EntryPoint","urlTemplate":"https:\/\/tblochberger.hak-digital.at\/?s={search_term_string}"},"query-input":{"@type":"PropertyValueSpecification","valueRequired":true,"valueName":"search_term_string"}}],"inLanguage":"en-US"}]}},"_links":{"self":[{"href":"https:\/\/tblochberger.hak-digital.at\/index.php?rest_route=\/wp\/v2\/pages\/24","targetHints":{"allow":["GET"]}}],"collection":[{"href":"https:\/\/tblochberger.hak-digital.at\/index.php?rest_route=\/wp\/v2\/pages"}],"about":[{"href":"https:\/\/tblochberger.hak-digital.at\/index.php?rest_route=\/wp\/v2\/types\/page"}],"author":[{"embeddable":true,"href":"https:\/\/tblochberger.hak-digital.at\/index.php?rest_route=\/wp\/v2\/users\/1"}],"replies":[{"embeddable":true,"href":"https:\/\/tblochberger.hak-digital.at\/index.php?rest_route=%2Fwp%2Fv2%2Fcomments&post=24"}],"version-history":[{"count":11,"href":"https:\/\/tblochberger.hak-digital.at\/index.php?rest_route=\/wp\/v2\/pages\/24\/revisions"}],"predecessor-version":[{"id":83,"href":"https:\/\/tblochberger.hak-digital.at\/index.php?rest_route=\/wp\/v2\/pages\/24\/revisions\/83"}],"wp:attachment":[{"href":"https:\/\/tblochberger.hak-digital.at\/index.php?rest_route=%2Fwp%2Fv2%2Fmedia&parent=24"}],"curies":[{"name":"wp","href":"https:\/\/api.w.org\/{rel}","templated":true}]}}