{"id":104,"date":"2025-12-17T08:45:08","date_gmt":"2025-12-17T07:45:08","guid":{"rendered":"https:\/\/tblochberger.hak-digital.at\/?page_id=104"},"modified":"2025-12-17T08:57:21","modified_gmt":"2025-12-17T07:57:21","slug":"arten-von-golfschlaegern","status":"publish","type":"page","link":"https:\/\/tblochberger.hak-digital.at\/?page_id=104","title":{"rendered":"Arten von Golfschl\u00e4gern"},"content":{"rendered":"\n<h2 class=\"wp-block-heading\">Golfschl\u00e4ger erkl\u00e4rt<\/h2>\n\n\n\n<p>Ein Golfset besteht aus verschiedenen Schl\u00e4gertypen \u2013 jeder f\u00fcr bestimmte Distanzen und Spielsituationen gedacht.<\/p>\n\n\n\n<h3 class=\"wp-block-heading\">Eisen (Iron)<\/h3>\n\n\n\n<ul class=\"wp-block-list\">\n<li>Es gibt Eisen 1 bis 9, wobei niedrige Zahlen (z. B. Eisen 3) weitere, flachere Schl\u00e4ge erm\u00f6glichen.<\/li>\n\n\n\n<li>H\u00f6here Eisen (z. B. 8, 9) haben mehr Loft, also einen h\u00f6heren Ballflug und k\u00fcrzere Distanz.<\/li>\n\n\n\n<li>Sie werden meist auf dem Fairway oder beim Ann\u00e4herungsschlag verwendet.<\/li>\n<\/ul>\n\n\n\n<h3 class=\"wp-block-heading\">Woods (H\u00f6lzer)<\/h3>\n\n\n\n<ul class=\"wp-block-list\">\n<li>Urspr\u00fcnglich aus Holz gefertigt, heute meist aus Metall.<\/li>\n\n\n\n<li>Ideal f\u00fcr weite Schl\u00e4ge vom Abschlag oder Fairway.<\/li>\n\n\n\n<li>Am h\u00e4ufigsten: 3er-Wood (f\u00fcr Fairway-Schl\u00e4ge).<\/li>\n<\/ul>\n\n\n\n<h3 class=\"wp-block-heading\">Driver<\/h3>\n\n\n\n<ul class=\"wp-block-list\">\n<li>Der l\u00e4ngste Schl\u00e4ger im Bag, mit dem geringsten Loft (meist 9\u201312\u00b0).<\/li>\n\n\n\n<li>Wird am Abschlag (Tee) benutzt, um den Ball maximal weit zu schlagen.<\/li>\n<\/ul>\n\n\n\n<h3 class=\"wp-block-heading\">Hybrid<\/h3>\n\n\n\n<ul class=\"wp-block-list\">\n<li>Eine Mischung aus Eisen und Holz.<\/li>\n\n\n\n<li>Einfacher zu spielen als lange Eisen (z. B. Eisen 3 oder 4).<\/li>\n\n\n\n<li>Perfekt f\u00fcr schwierige Lagen oder mittellange Fairway-Schl\u00e4ge.<\/li>\n<\/ul>\n\n\n\n<p><\/p>\n","protected":false},"excerpt":{"rendered":"<p>Golfschl\u00e4ger erkl\u00e4rt Ein Golfset besteht aus verschiedenen Schl\u00e4gertypen \u2013 jeder f\u00fcr bestimmte Distanzen und Spielsituationen gedacht. Eisen (Iron) Woods (H\u00f6lzer) Driver Hybrid<\/p>\n","protected":false},"author":1,"featured_media":0,"parent":0,"menu_order":0,"comment_status":"closed","ping_status":"closed","template":"","meta":{"footnotes":""},"class_list":["post-104","page","type-page","status-publish","hentry"],"yoast_head":"<!-- This site is optimized with the Yoast SEO plugin v26.6 - https:\/\/yoast.com\/wordpress\/plugins\/seo\/ -->\n<title>Arten von Golfschl\u00e4gern - TB-Golf<\/title>\n<meta name=\"robots\" content=\"index, follow, max-snippet:-1, max-image-preview:large, max-video-preview:-1\" \/>\n<link rel=\"canonical\" href=\"https:\/\/tblochberger.hak-digital.at\/?page_id=104\" \/>\n<meta property=\"og:locale\" content=\"en_US\" \/>\n<meta property=\"og:type\" content=\"article\" \/>\n<meta property=\"og:title\" content=\"Arten von Golfschl\u00e4gern - TB-Golf\" \/>\n<meta property=\"og:description\" content=\"Golfschl\u00e4ger erkl\u00e4rt Ein Golfset besteht aus verschiedenen Schl\u00e4gertypen \u2013 jeder f\u00fcr bestimmte Distanzen und Spielsituationen gedacht. Eisen (Iron) Woods (H\u00f6lzer) Driver Hybrid\" \/>\n<meta property=\"og:url\" content=\"https:\/\/tblochberger.hak-digital.at\/?page_id=104\" \/>\n<meta property=\"og:site_name\" content=\"TB-Golf\" \/>\n<meta property=\"article:modified_time\" content=\"2025-12-17T07:57:21+00:00\" \/>\n<meta name=\"twitter:card\" content=\"summary_large_image\" \/>\n<meta name=\"twitter:label1\" content=\"Est. reading time\" \/>\n\t<meta name=\"twitter:data1\" content=\"1 minute\" \/>\n<script type=\"application\/ld+json\" class=\"yoast-schema-graph\">{\"@context\":\"https:\/\/schema.org\",\"@graph\":[{\"@type\":\"WebPage\",\"@id\":\"https:\/\/tblochberger.hak-digital.at\/?page_id=104\",\"url\":\"https:\/\/tblochberger.hak-digital.at\/?page_id=104\",\"name\":\"Arten von Golfschl\u00e4gern - TB-Golf\",\"isPartOf\":{\"@id\":\"https:\/\/tblochberger.hak-digital.at\/#website\"},\"datePublished\":\"2025-12-17T07:45:08+00:00\",\"dateModified\":\"2025-12-17T07:57:21+00:00\",\"breadcrumb\":{\"@id\":\"https:\/\/tblochberger.hak-digital.at\/?page_id=104#breadcrumb\"},\"inLanguage\":\"en-US\",\"potentialAction\":[{\"@type\":\"ReadAction\",\"target\":[\"https:\/\/tblochberger.hak-digital.at\/?page_id=104\"]}]},{\"@type\":\"BreadcrumbList\",\"@id\":\"https:\/\/tblochberger.hak-digital.at\/?page_id=104#breadcrumb\",\"itemListElement\":[{\"@type\":\"ListItem\",\"position\":1,\"name\":\"Startseite\",\"item\":\"https:\/\/tblochberger.hak-digital.at\/\"},{\"@type\":\"ListItem\",\"position\":2,\"name\":\"Arten von Golfschl\u00e4gern\"}]},{\"@type\":\"WebSite\",\"@id\":\"https:\/\/tblochberger.hak-digital.at\/#website\",\"url\":\"https:\/\/tblochberger.hak-digital.at\/\",\"name\":\"TB-Golf\",\"description\":\"\",\"potentialAction\":[{\"@type\":\"SearchAction\",\"target\":{\"@type\":\"EntryPoint\",\"urlTemplate\":\"https:\/\/tblochberger.hak-digital.at\/?s={search_term_string}\"},\"query-input\":{\"@type\":\"PropertyValueSpecification\",\"valueRequired\":true,\"valueName\":\"search_term_string\"}}],\"inLanguage\":\"en-US\"}]}<\/script>\n<!-- \/ Yoast SEO plugin. -->","yoast_head_json":{"title":"Arten von Golfschl\u00e4gern - TB-Golf","robots":{"index":"index","follow":"follow","max-snippet":"max-snippet:-1","max-image-preview":"max-image-preview:large","max-video-preview":"max-video-preview:-1"},"canonical":"https:\/\/tblochberger.hak-digital.at\/?page_id=104","og_locale":"en_US","og_type":"article","og_title":"Arten von Golfschl\u00e4gern - TB-Golf","og_description":"Golfschl\u00e4ger erkl\u00e4rt Ein Golfset besteht aus verschiedenen Schl\u00e4gertypen \u2013 jeder f\u00fcr bestimmte Distanzen und Spielsituationen gedacht. Eisen (Iron) Woods (H\u00f6lzer) Driver Hybrid","og_url":"https:\/\/tblochberger.hak-digital.at\/?page_id=104","og_site_name":"TB-Golf","article_modified_time":"2025-12-17T07:57:21+00:00","twitter_card":"summary_large_image","twitter_misc":{"Est. reading time":"1 minute"},"schema":{"@context":"https:\/\/schema.org","@graph":[{"@type":"WebPage","@id":"https:\/\/tblochberger.hak-digital.at\/?page_id=104","url":"https:\/\/tblochberger.hak-digital.at\/?page_id=104","name":"Arten von Golfschl\u00e4gern - TB-Golf","isPartOf":{"@id":"https:\/\/tblochberger.hak-digital.at\/#website"},"datePublished":"2025-12-17T07:45:08+00:00","dateModified":"2025-12-17T07:57:21+00:00","breadcrumb":{"@id":"https:\/\/tblochberger.hak-digital.at\/?page_id=104#breadcrumb"},"inLanguage":"en-US","potentialAction":[{"@type":"ReadAction","target":["https:\/\/tblochberger.hak-digital.at\/?page_id=104"]}]},{"@type":"BreadcrumbList","@id":"https:\/\/tblochberger.hak-digital.at\/?page_id=104#breadcrumb","itemListElement":[{"@type":"ListItem","position":1,"name":"Startseite","item":"https:\/\/tblochberger.hak-digital.at\/"},{"@type":"ListItem","position":2,"name":"Arten von Golfschl\u00e4gern"}]},{"@type":"WebSite","@id":"https:\/\/tblochberger.hak-digital.at\/#website","url":"https:\/\/tblochberger.hak-digital.at\/","name":"TB-Golf","description":"","potentialAction":[{"@type":"SearchAction","target":{"@type":"EntryPoint","urlTemplate":"https:\/\/tblochberger.hak-digital.at\/?s={search_term_string}"},"query-input":{"@type":"PropertyValueSpecification","valueRequired":true,"valueName":"search_term_string"}}],"inLanguage":"en-US"}]}},"_links":{"self":[{"href":"https:\/\/tblochberger.hak-digital.at\/index.php?rest_route=\/wp\/v2\/pages\/104","targetHints":{"allow":["GET"]}}],"collection":[{"href":"https:\/\/tblochberger.hak-digital.at\/index.php?rest_route=\/wp\/v2\/pages"}],"about":[{"href":"https:\/\/tblochberger.hak-digital.at\/index.php?rest_route=\/wp\/v2\/types\/page"}],"author":[{"embeddable":true,"href":"https:\/\/tblochberger.hak-digital.at\/index.php?rest_route=\/wp\/v2\/users\/1"}],"replies":[{"embeddable":true,"href":"https:\/\/tblochberger.hak-digital.at\/index.php?rest_route=%2Fwp%2Fv2%2Fcomments&post=104"}],"version-history":[{"count":2,"href":"https:\/\/tblochberger.hak-digital.at\/index.php?rest_route=\/wp\/v2\/pages\/104\/revisions"}],"predecessor-version":[{"id":109,"href":"https:\/\/tblochberger.hak-digital.at\/index.php?rest_route=\/wp\/v2\/pages\/104\/revisions\/109"}],"wp:attachment":[{"href":"https:\/\/tblochberger.hak-digital.at\/index.php?rest_route=%2Fwp%2Fv2%2Fmedia&parent=104"}],"curies":[{"name":"wp","href":"https:\/\/api.w.org\/{rel}","templated":true}]}}